{"id":1189,"date":"2025-11-28T23:31:20","date_gmt":"2025-11-28T23:31:20","guid":{"rendered":"https:\/\/ilex.thedev.ca\/updates\/"},"modified":"2026-03-27T16:09:11","modified_gmt":"2026-03-27T16:09:11","slug":"actualites","status":"publish","type":"page","link":"https:\/\/ilexsettlement.ca\/fr\/actualites\/","title":{"rendered":"Actualit\u00e9s"},"content":{"rendered":"","protected":false},"excerpt":{"rendered":"","protected":false},"author":2,"featured_media":0,"parent":0,"menu_order":0,"comment_status":"closed","ping_status":"closed","template":"","meta":{"_acf_changed":false,"content-type":"","inline_featured_image":false,"_links_to":"","_links_to_target":""},"class_list":["post-1189","page","type-page","status-publish","hentry"],"acf":[],"yoast_head":"<!-- This site is optimized with the Yoast SEO plugin v27.3 - https:\/\/yoast.com\/product\/yoast-seo-wordpress\/ -->\n<title>Actualit\u00e9s - \u00cele-\u00e0-la-Crosse School Settlement<\/title>\n<meta name=\"description\" content=\"Restez inform\u00e9 des derni\u00e8res actualit\u00e9s concernant le r\u00e8glement.\" \/>\n<meta name=\"robots\" content=\"index, follow, max-snippet:-1, max-image-preview:large, max-video-preview:-1\" \/>\n<link rel=\"canonical\" href=\"https:\/\/ilexsettlement.ca\/fr\/actualites\/\" \/>\n<meta property=\"og:locale\" content=\"fr_FR\" \/>\n<meta property=\"og:type\" content=\"article\" \/>\n<meta property=\"og:title\" content=\"Actualit\u00e9s | R\u00e8glement relatif \u00e0 l\u2019\u00e9cole de l\u2019\u00cele-\u00e0-la-Crosse\" \/>\n<meta property=\"og:description\" content=\"Restez inform\u00e9 des derni\u00e8res actualit\u00e9s concernant le r\u00e8glement.\" \/>\n<meta property=\"og:url\" content=\"https:\/\/ilexsettlement.ca\/fr\/actualites\/\" \/>\n<meta property=\"og:site_name\" content=\"\u00cele-\u00e0-la-Crosse School Settlement\" \/>\n<meta property=\"article:modified_time\" content=\"2026-03-27T16:09:11+00:00\" \/>\n<meta property=\"og:image\" content=\"https:\/\/ilexsettlement.ca\/wp-content\/uploads\/2026\/02\/logo.png\" \/>\n\t<meta property=\"og:image:width\" content=\"385\" \/>\n\t<meta property=\"og:image:height\" content=\"358\" \/>\n\t<meta property=\"og:image:type\" content=\"image\/png\" \/>\n<meta name=\"twitter:card\" content=\"summary_large_image\" \/>\n<script type=\"application\/ld+json\" class=\"yoast-schema-graph\">{\"@context\":\"https:\\\/\\\/schema.org\",\"@graph\":[{\"@type\":\"WebPage\",\"@id\":\"https:\\\/\\\/ilexsettlement.ca\\\/fr\\\/actualites\\\/\",\"url\":\"https:\\\/\\\/ilexsettlement.ca\\\/fr\\\/actualites\\\/\",\"name\":\"Actualit\u00e9s - \u00cele-\u00e0-la-Crosse School Settlement\",\"isPartOf\":{\"@id\":\"https:\\\/\\\/ilexsettlement.ca\\\/#website\"},\"datePublished\":\"2025-11-28T23:31:20+00:00\",\"dateModified\":\"2026-03-27T16:09:11+00:00\",\"description\":\"Restez inform\u00e9 des derni\u00e8res actualit\u00e9s concernant le r\u00e8glement.\",\"breadcrumb\":{\"@id\":\"https:\\\/\\\/ilexsettlement.ca\\\/fr\\\/actualites\\\/#breadcrumb\"},\"inLanguage\":\"fr-FR\",\"potentialAction\":[{\"@type\":\"ReadAction\",\"target\":[\"https:\\\/\\\/ilexsettlement.ca\\\/fr\\\/actualites\\\/\"]}]},{\"@type\":\"BreadcrumbList\",\"@id\":\"https:\\\/\\\/ilexsettlement.ca\\\/fr\\\/actualites\\\/#breadcrumb\",\"itemListElement\":[{\"@type\":\"ListItem\",\"position\":1,\"name\":\"Home\",\"item\":\"https:\\\/\\\/ilexsettlement.ca\\\/fr\\\/\"},{\"@type\":\"ListItem\",\"position\":2,\"name\":\"Actualit\u00e9s\"}]},{\"@type\":\"WebSite\",\"@id\":\"https:\\\/\\\/ilexsettlement.ca\\\/#website\",\"url\":\"https:\\\/\\\/ilexsettlement.ca\\\/\",\"name\":\"\u00cele-\u00e0-la-Crosse School Settlement\",\"description\":\"\",\"potentialAction\":[{\"@type\":\"SearchAction\",\"target\":{\"@type\":\"EntryPoint\",\"urlTemplate\":\"https:\\\/\\\/ilexsettlement.ca\\\/?s={search_term_string}\"},\"query-input\":{\"@type\":\"PropertyValueSpecification\",\"valueRequired\":true,\"valueName\":\"search_term_string\"}}],\"inLanguage\":\"fr-FR\"}]}<\/script>\n<!-- \/ Yoast SEO plugin. -->","yoast_head_json":{"title":"Actualit\u00e9s - \u00cele-\u00e0-la-Crosse School Settlement","description":"Restez inform\u00e9 des derni\u00e8res actualit\u00e9s concernant le r\u00e8glement.","robots":{"index":"index","follow":"follow","max-snippet":"max-snippet:-1","max-image-preview":"max-image-preview:large","max-video-preview":"max-video-preview:-1"},"canonical":"https:\/\/ilexsettlement.ca\/fr\/actualites\/","og_locale":"fr_FR","og_type":"article","og_title":"Actualit\u00e9s | R\u00e8glement relatif \u00e0 l\u2019\u00e9cole de l\u2019\u00cele-\u00e0-la-Crosse","og_description":"Restez inform\u00e9 des derni\u00e8res actualit\u00e9s concernant le r\u00e8glement.","og_url":"https:\/\/ilexsettlement.ca\/fr\/actualites\/","og_site_name":"\u00cele-\u00e0-la-Crosse School Settlement","article_modified_time":"2026-03-27T16:09:11+00:00","og_image":[{"width":385,"height":358,"url":"https:\/\/ilexsettlement.ca\/wp-content\/uploads\/2026\/02\/logo.png","type":"image\/png"}],"twitter_card":"summary_large_image","schema":{"@context":"https:\/\/schema.org","@graph":[{"@type":"WebPage","@id":"https:\/\/ilexsettlement.ca\/fr\/actualites\/","url":"https:\/\/ilexsettlement.ca\/fr\/actualites\/","name":"Actualit\u00e9s - \u00cele-\u00e0-la-Crosse School Settlement","isPartOf":{"@id":"https:\/\/ilexsettlement.ca\/#website"},"datePublished":"2025-11-28T23:31:20+00:00","dateModified":"2026-03-27T16:09:11+00:00","description":"Restez inform\u00e9 des derni\u00e8res actualit\u00e9s concernant le r\u00e8glement.","breadcrumb":{"@id":"https:\/\/ilexsettlement.ca\/fr\/actualites\/#breadcrumb"},"inLanguage":"fr-FR","potentialAction":[{"@type":"ReadAction","target":["https:\/\/ilexsettlement.ca\/fr\/actualites\/"]}]},{"@type":"BreadcrumbList","@id":"https:\/\/ilexsettlement.ca\/fr\/actualites\/#breadcrumb","itemListElement":[{"@type":"ListItem","position":1,"name":"Home","item":"https:\/\/ilexsettlement.ca\/fr\/"},{"@type":"ListItem","position":2,"name":"Actualit\u00e9s"}]},{"@type":"WebSite","@id":"https:\/\/ilexsettlement.ca\/#website","url":"https:\/\/ilexsettlement.ca\/","name":"\u00cele-\u00e0-la-Crosse School Settlement","description":"","potentialAction":[{"@type":"SearchAction","target":{"@type":"EntryPoint","urlTemplate":"https:\/\/ilexsettlement.ca\/?s={search_term_string}"},"query-input":{"@type":"PropertyValueSpecification","valueRequired":true,"valueName":"search_term_string"}}],"inLanguage":"fr-FR"}]}},"_links":{"self":[{"href":"https:\/\/ilexsettlement.ca\/fr\/wp-json\/wp\/v2\/pages\/1189","targetHints":{"allow":["GET"]}}],"collection":[{"href":"https:\/\/ilexsettlement.ca\/fr\/wp-json\/wp\/v2\/pages"}],"about":[{"href":"https:\/\/ilexsettlement.ca\/fr\/wp-json\/wp\/v2\/types\/page"}],"author":[{"embeddable":true,"href":"https:\/\/ilexsettlement.ca\/fr\/wp-json\/wp\/v2\/users\/2"}],"replies":[{"embeddable":true,"href":"https:\/\/ilexsettlement.ca\/fr\/wp-json\/wp\/v2\/comments?post=1189"}],"version-history":[{"count":0,"href":"https:\/\/ilexsettlement.ca\/fr\/wp-json\/wp\/v2\/pages\/1189\/revisions"}],"wp:attachment":[{"href":"https:\/\/ilexsettlement.ca\/fr\/wp-json\/wp\/v2\/media?parent=1189"}],"curies":[{"name":"wp","href":"https:\/\/api.w.org\/{rel}","templated":true}]}}