{"id":1622,"date":"2025-12-11T21:09:01","date_gmt":"2025-12-11T21:09:01","guid":{"rendered":"https:\/\/ilexsettlement.ca\/?page_id=1622"},"modified":"2026-04-02T00:21:08","modified_gmt":"2026-04-02T00:21:08","slug":"inscrivez-vous","status":"publish","type":"page","link":"https:\/\/ilexsettlement.ca\/fr\/inscrivez-vous\/","title":{"rendered":"Inscrivez-vous"},"content":{"rendered":"","protected":false},"excerpt":{"rendered":"","protected":false},"author":3,"featured_media":0,"parent":0,"menu_order":1,"comment_status":"closed","ping_status":"closed","template":"","meta":{"_acf_changed":false,"content-type":"","inline_featured_image":false,"_links_to":"","_links_to_target":""},"class_list":["post-1622","page","type-page","status-publish","hentry"],"acf":[],"yoast_head":"<!-- This site is optimized with the Yoast SEO plugin v27.3 - https:\/\/yoast.com\/product\/yoast-seo-wordpress\/ -->\n<title>Inscrivez-vous - \u00cele-\u00e0-la-Crosse School Settlement<\/title>\n<meta name=\"description\" content=\"Inscrivez-vous pour recevoir des nouvelles et des mises \u00e0 jour concernant le r\u00e8glement relatif \u00e0 l\u2019\u00e9cole de l\u2019\u00cele-\u00e0-la-Crosse par courriel ou SMS.\" \/>\n<meta name=\"robots\" content=\"index, follow, max-snippet:-1, max-image-preview:large, max-video-preview:-1\" \/>\n<link rel=\"canonical\" href=\"https:\/\/ilexsettlement.ca\/fr\/inscrivez-vous\/\" \/>\n<meta property=\"og:locale\" content=\"fr_FR\" \/>\n<meta property=\"og:type\" content=\"article\" \/>\n<meta property=\"og:title\" content=\"Inscrivez-vous | R\u00e8glement relatif \u00e0 l\u2019\u00e9cole de l\u2019\u00cele-\u00e0-la-Crosse\" \/>\n<meta property=\"og:description\" content=\"Inscrivez-vous pour recevoir les derni\u00e8res nouvelles et mises \u00e0 jour concernant le r\u00e8glement. Vous pouvez vous d\u00e9sabonner \u00e0 tout moment.\" \/>\n<meta property=\"og:url\" content=\"https:\/\/ilexsettlement.ca\/fr\/inscrivez-vous\/\" \/>\n<meta property=\"og:site_name\" content=\"\u00cele-\u00e0-la-Crosse School Settlement\" \/>\n<meta property=\"article:modified_time\" content=\"2026-04-02T00:21:08+00:00\" \/>\n<meta property=\"og:image\" content=\"https:\/\/ilexsettlement.ca\/wp-content\/uploads\/2026\/02\/logo.png\" \/>\n\t<meta property=\"og:image:width\" content=\"385\" \/>\n\t<meta property=\"og:image:height\" content=\"358\" \/>\n\t<meta property=\"og:image:type\" content=\"image\/png\" \/>\n<meta name=\"twitter:card\" content=\"summary_large_image\" \/>\n<script type=\"application\/ld+json\" class=\"yoast-schema-graph\">{\"@context\":\"https:\\\/\\\/schema.org\",\"@graph\":[{\"@type\":\"WebPage\",\"@id\":\"https:\\\/\\\/ilexsettlement.ca\\\/fr\\\/inscrivez-vous\\\/\",\"url\":\"https:\\\/\\\/ilexsettlement.ca\\\/fr\\\/inscrivez-vous\\\/\",\"name\":\"Inscrivez-vous - \u00cele-\u00e0-la-Crosse School Settlement\",\"isPartOf\":{\"@id\":\"https:\\\/\\\/ilexsettlement.ca\\\/#website\"},\"datePublished\":\"2025-12-11T21:09:01+00:00\",\"dateModified\":\"2026-04-02T00:21:08+00:00\",\"description\":\"Inscrivez-vous pour recevoir des nouvelles et des mises \u00e0 jour concernant le r\u00e8glement relatif \u00e0 l\u2019\u00e9cole de l\u2019\u00cele-\u00e0-la-Crosse par courriel ou SMS.\",\"breadcrumb\":{\"@id\":\"https:\\\/\\\/ilexsettlement.ca\\\/fr\\\/inscrivez-vous\\\/#breadcrumb\"},\"inLanguage\":\"fr-FR\",\"potentialAction\":[{\"@type\":\"ReadAction\",\"target\":[\"https:\\\/\\\/ilexsettlement.ca\\\/fr\\\/inscrivez-vous\\\/\"]}]},{\"@type\":\"BreadcrumbList\",\"@id\":\"https:\\\/\\\/ilexsettlement.ca\\\/fr\\\/inscrivez-vous\\\/#breadcrumb\",\"itemListElement\":[{\"@type\":\"ListItem\",\"position\":1,\"name\":\"Home\",\"item\":\"https:\\\/\\\/ilexsettlement.ca\\\/fr\\\/\"},{\"@type\":\"ListItem\",\"position\":2,\"name\":\"Inscrivez-vous\"}]},{\"@type\":\"WebSite\",\"@id\":\"https:\\\/\\\/ilexsettlement.ca\\\/#website\",\"url\":\"https:\\\/\\\/ilexsettlement.ca\\\/\",\"name\":\"\u00cele-\u00e0-la-Crosse School Settlement\",\"description\":\"\",\"potentialAction\":[{\"@type\":\"SearchAction\",\"target\":{\"@type\":\"EntryPoint\",\"urlTemplate\":\"https:\\\/\\\/ilexsettlement.ca\\\/?s={search_term_string}\"},\"query-input\":{\"@type\":\"PropertyValueSpecification\",\"valueRequired\":true,\"valueName\":\"search_term_string\"}}],\"inLanguage\":\"fr-FR\"}]}<\/script>\n<!-- \/ Yoast SEO plugin. -->","yoast_head_json":{"title":"Inscrivez-vous - \u00cele-\u00e0-la-Crosse School Settlement","description":"Inscrivez-vous pour recevoir des nouvelles et des mises \u00e0 jour concernant le r\u00e8glement relatif \u00e0 l\u2019\u00e9cole de l\u2019\u00cele-\u00e0-la-Crosse par courriel ou SMS.","robots":{"index":"index","follow":"follow","max-snippet":"max-snippet:-1","max-image-preview":"max-image-preview:large","max-video-preview":"max-video-preview:-1"},"canonical":"https:\/\/ilexsettlement.ca\/fr\/inscrivez-vous\/","og_locale":"fr_FR","og_type":"article","og_title":"Inscrivez-vous | R\u00e8glement relatif \u00e0 l\u2019\u00e9cole de l\u2019\u00cele-\u00e0-la-Crosse","og_description":"Inscrivez-vous pour recevoir les derni\u00e8res nouvelles et mises \u00e0 jour concernant le r\u00e8glement. Vous pouvez vous d\u00e9sabonner \u00e0 tout moment.","og_url":"https:\/\/ilexsettlement.ca\/fr\/inscrivez-vous\/","og_site_name":"\u00cele-\u00e0-la-Crosse School Settlement","article_modified_time":"2026-04-02T00:21:08+00:00","og_image":[{"width":385,"height":358,"url":"https:\/\/ilexsettlement.ca\/wp-content\/uploads\/2026\/02\/logo.png","type":"image\/png"}],"twitter_card":"summary_large_image","schema":{"@context":"https:\/\/schema.org","@graph":[{"@type":"WebPage","@id":"https:\/\/ilexsettlement.ca\/fr\/inscrivez-vous\/","url":"https:\/\/ilexsettlement.ca\/fr\/inscrivez-vous\/","name":"Inscrivez-vous - \u00cele-\u00e0-la-Crosse School Settlement","isPartOf":{"@id":"https:\/\/ilexsettlement.ca\/#website"},"datePublished":"2025-12-11T21:09:01+00:00","dateModified":"2026-04-02T00:21:08+00:00","description":"Inscrivez-vous pour recevoir des nouvelles et des mises \u00e0 jour concernant le r\u00e8glement relatif \u00e0 l\u2019\u00e9cole de l\u2019\u00cele-\u00e0-la-Crosse par courriel ou SMS.","breadcrumb":{"@id":"https:\/\/ilexsettlement.ca\/fr\/inscrivez-vous\/#breadcrumb"},"inLanguage":"fr-FR","potentialAction":[{"@type":"ReadAction","target":["https:\/\/ilexsettlement.ca\/fr\/inscrivez-vous\/"]}]},{"@type":"BreadcrumbList","@id":"https:\/\/ilexsettlement.ca\/fr\/inscrivez-vous\/#breadcrumb","itemListElement":[{"@type":"ListItem","position":1,"name":"Home","item":"https:\/\/ilexsettlement.ca\/fr\/"},{"@type":"ListItem","position":2,"name":"Inscrivez-vous"}]},{"@type":"WebSite","@id":"https:\/\/ilexsettlement.ca\/#website","url":"https:\/\/ilexsettlement.ca\/","name":"\u00cele-\u00e0-la-Crosse School Settlement","description":"","potentialAction":[{"@type":"SearchAction","target":{"@type":"EntryPoint","urlTemplate":"https:\/\/ilexsettlement.ca\/?s={search_term_string}"},"query-input":{"@type":"PropertyValueSpecification","valueRequired":true,"valueName":"search_term_string"}}],"inLanguage":"fr-FR"}]}},"_links":{"self":[{"href":"https:\/\/ilexsettlement.ca\/fr\/wp-json\/wp\/v2\/pages\/1622","targetHints":{"allow":["GET"]}}],"collection":[{"href":"https:\/\/ilexsettlement.ca\/fr\/wp-json\/wp\/v2\/pages"}],"about":[{"href":"https:\/\/ilexsettlement.ca\/fr\/wp-json\/wp\/v2\/types\/page"}],"author":[{"embeddable":true,"href":"https:\/\/ilexsettlement.ca\/fr\/wp-json\/wp\/v2\/users\/3"}],"replies":[{"embeddable":true,"href":"https:\/\/ilexsettlement.ca\/fr\/wp-json\/wp\/v2\/comments?post=1622"}],"version-history":[{"count":0,"href":"https:\/\/ilexsettlement.ca\/fr\/wp-json\/wp\/v2\/pages\/1622\/revisions"}],"wp:attachment":[{"href":"https:\/\/ilexsettlement.ca\/fr\/wp-json\/wp\/v2\/media?parent=1622"}],"curies":[{"name":"wp","href":"https:\/\/api.w.org\/{rel}","templated":true}]}}